{"id":2,"date":"2013-12-15T20:52:31","date_gmt":"2013-12-15T20:52:31","guid":{"rendered":"http:\/\/eleven-core.com\/eco-web\/?page_id=2"},"modified":"2013-12-17T09:31:19","modified_gmt":"2013-12-17T08:31:19","slug":"page-d-exemple","status":"publish","type":"page","link":"https:\/\/eleven-core.com\/eco-web\/?page_id=2","title":{"rendered":"PAYSAGE &#038; URBANISME"},"content":{"rendered":"<p>Eleven Core est comp\u00e9tente sur de nombreuses op\u00e9rations li\u00e9es \u00e0 l&rsquo;am\u00e9nagement du territoire, du Paysage et de l&rsquo;Urbanisme et travaille \u00e0 des \u00e9chelles vari\u00e9es. Elle travaille notamment avec les collectivit\u00e9s sur des missions diverses :<\/p>\n<p><strong>Missions pr\u00e9-op\u00e9rationnelles :<\/strong><\/p>\n<ul>\n<li><em>Diagnostics et \u00e9tudes paysag\u00e8res (P.L.U., \u00c9tudes d&rsquo;Impacts,&#8230;),<\/em><\/li>\n<li><em>Diagnostics et \u00e9tudes urbanistiques,<\/em><\/li>\n<li><em>\u00c9tudes de faisabilit\u00e9 pour des projets d&rsquo;am\u00e9nagement du territoire,<\/em><\/li>\n<li><em>Sch\u00e9mas directeur d&rsquo;am\u00e9nagement,<\/em><\/li>\n<li><em>\u00c9tudes de programmation urbaine et paysag\u00e8re,<\/em><\/li>\n<li><em>\u00c9tudes de caract\u00e9risation paysag\u00e8re et urbaine&#8230;<\/em><\/li>\n<\/ul>\n<p><a href=\"http:\/\/eleven-core.com\/eco-web\/wp-content\/uploads\/2013\/12\/section_03.jpg\"><img loading=\"lazy\" decoding=\"async\" class=\"size-full wp-image-1037 aligncenter\" alt=\"section_03\" src=\"http:\/\/eleven-core.com\/eco-web\/wp-content\/uploads\/2013\/12\/section_03.jpg\" width=\"960\" height=\"200\" srcset=\"https:\/\/eleven-core.com\/eco-web\/wp-content\/uploads\/2013\/12\/section_03.jpg 960w, https:\/\/eleven-core.com\/eco-web\/wp-content\/uploads\/2013\/12\/section_03-300x62.jpg 300w, https:\/\/eleven-core.com\/eco-web\/wp-content\/uploads\/2013\/12\/section_03-338x70.jpg 338w, https:\/\/eleven-core.com\/eco-web\/wp-content\/uploads\/2013\/12\/section_03-450x93.jpg 450w, https:\/\/eleven-core.com\/eco-web\/wp-content\/uploads\/2013\/12\/section_03-257x53.jpg 257w\" sizes=\"(max-width: 960px) 100vw, 960px\" \/><\/a><\/p>\n<p>&nbsp;<\/p>\n<p><strong>Missions op\u00e9rationnelles :<\/strong><\/p>\n<ul>\n<li><em>Conception de projets d&rsquo;am\u00e9nagement d&rsquo;espaces publics (Places, Rues, Parcs, etc.),<\/em><\/li>\n<li><em>Requalification de quartiers, d&rsquo;espaces publics,<\/em><\/li>\n<li><em>Projets de parcours urbains et sportifs,<\/em><\/li>\n<li><em>Projets d&rsquo;am\u00e9nagement d&rsquo;entr\u00e9e de ville&#8230;<\/em><\/li>\n<li><em>Missions de conseil et d&rsquo;accompagnement<\/em><\/li>\n<li><em>Assistance \u00e0 maitrise d&rsquo;ouvrage sur des op\u00e9rations li\u00e9es \u00e0 l&rsquo;am\u00e9nagement du territoire, et sur projets d&rsquo;am\u00e9nagements d&rsquo;espaces publics,<\/em><\/li>\n<li><em>Suivi et r\u00e9ception de chantier,<\/em><\/li>\n<li><em>Op\u00e9ration de sensibilisation aux enjeux de d\u00e9veloppement urbains et paysagers,<\/em><\/li>\n<li><em>\u00c9laboration de chartes paysag\u00e8res&#8230;<\/em><\/li>\n<\/ul>\n<p>Eleven Core n&rsquo;est pas comp\u00e9tente dans l&rsquo;\u00e9laboration de documents d&rsquo;urbanisme mais collabore r\u00e9guli\u00e8rement avec des urbanistes r\u00e9glementaires en apportant sa sensibilit\u00e9 paysag\u00e8re et son exp\u00e9rience en terme d&rsquo;am\u00e9nagement du territoire \u00e0 ces missions.<\/p>\n<p><strong>Eleven Core travaille \u00e9galement avec des organismes publics ou priv\u00e9s dans le cadre d&rsquo;op\u00e9rations de programmation ou de projets sp\u00e9cifiques :<\/strong><\/p>\n<ul>\n<li><em>Diagnostics et \u00e9tudes paysag\u00e8res sur projets (Industries, Carri\u00e8res, Projets \u00c9oliens et Photovolta\u00efques, Lotissements, etc.),<\/em><\/li>\n<li><em>\u00c9tudes d&rsquo;\u00e9valuations des incidences paysag\u00e8res et urbaines de projets,<\/em><\/li>\n<li><em>Conception d&rsquo;espaces ext\u00e9rieurs pour des projets de b\u00e2timents,<\/em><\/li>\n<li><em>Int\u00e9gration paysag\u00e8re d&rsquo;ouvrages techniques, de constructions,&#8230;<\/em><\/li>\n<\/ul>\n<p><a href=\"http:\/\/eleven-core.com\/eco-web\/wp-content\/uploads\/2013\/12\/section_04.jpg\"><img loading=\"lazy\" decoding=\"async\" class=\"size-full wp-image-1039 aligncenter\" alt=\"section_04\" src=\"http:\/\/eleven-core.com\/eco-web\/wp-content\/uploads\/2013\/12\/section_04.jpg\" width=\"960\" height=\"200\" srcset=\"https:\/\/eleven-core.com\/eco-web\/wp-content\/uploads\/2013\/12\/section_04.jpg 960w, https:\/\/eleven-core.com\/eco-web\/wp-content\/uploads\/2013\/12\/section_04-300x62.jpg 300w, https:\/\/eleven-core.com\/eco-web\/wp-content\/uploads\/2013\/12\/section_04-338x70.jpg 338w, https:\/\/eleven-core.com\/eco-web\/wp-content\/uploads\/2013\/12\/section_04-450x93.jpg 450w, https:\/\/eleven-core.com\/eco-web\/wp-content\/uploads\/2013\/12\/section_04-257x53.jpg 257w\" sizes=\"(max-width: 960px) 100vw, 960px\" \/><\/a><\/p>\n","protected":false},"excerpt":{"rendered":"<p>Eleven Core est comp\u00e9tente sur de nombreuses op\u00e9rations li\u00e9es \u00e0 l&rsquo;am\u00e9nagement du territoire, du Paysage et de l&rsquo;Urbanisme et travaille \u00e0 des \u00e9chelles vari\u00e9es. Elle travaille notamment avec les collectivit\u00e9s sur des missions diverses : Missions pr\u00e9-op\u00e9rationnelles : Diagnostics et \u00e9tudes paysag\u00e8res (P.L.U., \u00c9tudes d&rsquo;Impacts,&#8230;), Diagnostics et \u00e9tudes urbanistiques, \u00c9tudes de faisabilit\u00e9 pour des projets [&hellip;]<\/p>\n","protected":false},"author":1,"featured_media":0,"parent":0,"menu_order":0,"comment_status":"open","ping_status":"open","template":"page-full-width.php","meta":{"_et_pb_use_builder":"","_et_pb_old_content":"","_et_gb_content_width":"","footnotes":""},"class_list":["post-2","page","type-page","status-publish","hentry"],"_links":{"self":[{"href":"https:\/\/eleven-core.com\/eco-web\/index.php?rest_route=\/wp\/v2\/pages\/2","targetHints":{"allow":["GET"]}}],"collection":[{"href":"https:\/\/eleven-core.com\/eco-web\/index.php?rest_route=\/wp\/v2\/pages"}],"about":[{"href":"https:\/\/eleven-core.com\/eco-web\/index.php?rest_route=\/wp\/v2\/types\/page"}],"author":[{"embeddable":true,"href":"https:\/\/eleven-core.com\/eco-web\/index.php?rest_route=\/wp\/v2\/users\/1"}],"replies":[{"embeddable":true,"href":"https:\/\/eleven-core.com\/eco-web\/index.php?rest_route=%2Fwp%2Fv2%2Fcomments&post=2"}],"version-history":[{"count":5,"href":"https:\/\/eleven-core.com\/eco-web\/index.php?rest_route=\/wp\/v2\/pages\/2\/revisions"}],"predecessor-version":[{"id":1042,"href":"https:\/\/eleven-core.com\/eco-web\/index.php?rest_route=\/wp\/v2\/pages\/2\/revisions\/1042"}],"wp:attachment":[{"href":"https:\/\/eleven-core.com\/eco-web\/index.php?rest_route=%2Fwp%2Fv2%2Fmedia&parent=2"}],"curies":[{"name":"wp","href":"https:\/\/api.w.org\/{rel}","templated":true}]}}