{"id":972,"date":"2013-12-16T12:51:14","date_gmt":"2013-12-16T11:51:14","guid":{"rendered":"http:\/\/eleven-core.com\/eco-web\/?page_id=972"},"modified":"2016-04-19T16:24:36","modified_gmt":"2016-04-19T15:24:36","slug":"atelier","status":"publish","type":"page","link":"https:\/\/eleven-core.com\/eco-web\/?page_id=972","title":{"rendered":"ATELIER"},"content":{"rendered":"<h3>L&rsquo;ATELIER<\/h3>\n<p>Eleven Core est une jeune soci\u00e9t\u00e9 cr\u00e9\u00e9e en 2012 qui concr\u00e9tise la volont\u00e9 de r\u00e9unir passions et comp\u00e9tences partageant une vision commune. Forte d&rsquo;un pass\u00e9 professionnel de plus de 9 ans m\u00ealant Paysage, Urbanisme et communication visuelle, Eleven Core a pour ambition de d\u00e9velopper sa vision du Paysage et de l&rsquo;Urbanisme, \u00e0 travers la recherche permanente de solutions durables et responsables pour l&rsquo;homme et de son environnement.<\/p>\n<p>Nous travaillons aujourd&rsquo;hui pour des collectivit\u00e9s locales, des organismes publics et priv\u00e9s, des industriels, des particuliers, et collaborons \u00e9galement avec des bureaux d&rsquo;Architecture et d&rsquo;Environnement sur des op\u00e9rations aussi diverses que :<\/p>\n<ul>\n<li>Concours de Paysage, d&rsquo;Urbanisme et d&rsquo;Architecture,<\/li>\n<li>Projets d&rsquo;am\u00e9nagement d&rsquo;espaces publics,<\/li>\n<li>Diagnostics et \u00c9tudes paysag\u00e8res et urbanistiques,<\/li>\n<li>\u00c9tudes de faisabilit\u00e9,<\/li>\n<li>\u00c9tudes d&rsquo;impact,<\/li>\n<li>Op\u00e9rations de ma\u00eetrise d\u2019\u0153uvre et d&rsquo;Assistance \u00e0 ma\u00eetrise d&rsquo;ouvrage,<\/li>\n<li>R\u00e9alisation de sites Internet et d&rsquo;autres supports de communication de projets (Plaquettes, Mod\u00e9lisation 3D et rendus photo-r\u00e9alistes,etc.),<\/li>\n<li>\u00c9laboration de chartes graphiques, logos et de supports didactiques&#8230;<\/li>\n<\/ul>\n<p>Eleven Core intervient sur l&rsquo;ensemble des \u00e9tapes du processus des projets (Esquisse, AVP, PRO, DCE, Chantier) et m\u00e8ne \u00e9galement des missions de Ma\u00eetrise d\u2019\u0153uvre et d&rsquo;Assistance \u00e0 Ma\u00eetrise d&rsquo;Ouvrage.<\/p>\n<p>Eleven Core s&rsquo;engage \u00e9galement sur la voie de la formation professionnelle en proposant des formations sp\u00e9cifiques sur des logiciels tels que SketchUp Pro, TheaRender, Inkscape, ArchiCAD et participe \u00e0 la promotion de logiciels open-source dans le milieu professionnel.<\/p>\n<p>Situ\u00e9e au c\u0153ur de la cit\u00e9 Lyonnaise, Eleven Core est principalement active sur la r\u00e9gion Rh\u00f4ne-Alpes o\u00f9 elle entretient des relations privil\u00e9gi\u00e9es avec une client\u00e8le de proximit\u00e9. Son champ d&rsquo;action s&rsquo;\u00e9tend cependant sur l&rsquo;ensemble du territoire fran\u00e7ais et \u00e0 l&rsquo;international avec des travaux r\u00e9alis\u00e9s \u00e0 l&rsquo;\u00e9tranger, notamment en Belgique et en Italie.<\/p>\n<p>&nbsp;<\/p>\n<h3>SA PHILOSOPHIE<\/h3>\n<p>Eleven Core est avant tout une aventure humaine n\u00e9e de la volont\u00e9 d&rsquo;explorer de nouveaux horizons et d&rsquo;exprimer notre vision du Paysage et de l&rsquo;Urbanisme. Cette expression passe par la valorisation de chaque collaborateur, avec ses sp\u00e9cificit\u00e9s et sa personnalit\u00e9, et par une implication volontaire et active de chacun dans les missions qui nous sont confi\u00e9es.<\/p>\n<p>Elle s&rsquo;exprime aussi \u00e0 travers notre approche du projet o\u00f9 nos clients deviennent partenaire d&rsquo;un objectif commun\u00a0: la r\u00e9ussite du projet et la satisfaction mutuelle d&rsquo;une exp\u00e9rience partag\u00e9e.<\/p>\n<p>Nous accordons \u00e9galement une grande importante \u00e0 l&rsquo;\u00e9ducation permanente qui se traduit par une recherche constante de solutions et d&rsquo;innovations, et par la transmission des connaissances acquises, que ce soit \u00e0 travers la r\u00e9alisation de nos missions o\u00f9 les formations professionnelles que nous proposons.<\/p>\n<p>&nbsp;<\/p>\n<h3>UN COLLECTIF<\/h3>\n<p>Eleven Core, malgr\u00e9 son statut, n&rsquo;est pas le projet d&rsquo;une personne unique. Elle porte \u00e0 travers ses missions un collectif d&rsquo;architectes, de paysagistes, d&rsquo;ing\u00e9nieurs et d&rsquo;artistes qui s&rsquo;associent afin de partager leur passion du m\u00e9tier et leurs sensibilit\u00e9s.<\/p>\n<p>Ainsi, Eleven Core regroupe les ressources humaines les plus \u00e0 m\u00eame de contribuer efficacement au bon d\u00e9roulement \u00e0 l&rsquo;enrichissement des missions qui lui sont confi\u00e9es au profit de ses clients.<\/p>\n<p>L&rsquo;ensemble des collaborateurs qui travaillent aujourd&rsquo;hui avec Eleven Core constitue un r\u00e9seau performant de comp\u00e9tences multiples, mais avant tout un collectif d&rsquo;hommes et de femmes unies par leur passion, leur amiti\u00e9 et leur respect mutuel. Nous tentons \u00e0 travers chacune de nos missions, de conserver et de transmettre ces valeurs afin que chaque projet, que nous l\u00e9guons aux futures g\u00e9n\u00e9rations, soit empreint d&rsquo;humanit\u00e9 et de respect, envers l&rsquo;homme et son environnement.<\/p>\n<p>&nbsp;<\/p>\n<p>&nbsp;<\/p>\n<div class='one_third'>\n\t\t\t\t\t<h3>UNE QUESTION ?<\/h3>\n<p>Merci de prendre le temps de nous contacter ! Nous porterons la plus grande attention \u00e0 votre demande alors n&rsquo;h\u00e9sitez pas.<\/p>\n<h3>ADRESSE<\/h3>\n<p><i class=\"icon-map-marker\"><\/i> 91 rue Octavie\n69100 Villeurbanne\nFRANCE\n<i class=\"icon-envelope-alt\"><\/i> info@eleven-core.com\n+33 6 42 38 90 09<\/p>\n<p>Atelier de Paysage, d&rsquo;Urbanisme et d&rsquo;Infographie Eleven Core.\nEURL au capital de 2000 \u20ac &#8211; RCS de Lyon : 750 766 891\n\t\t\t\t<\/div>\n<div class='two_third et_column_last'>\n\t\t\t\t\t<div class=\"wpcf7 no-js\" id=\"wpcf7-f1329-o1\" lang=\"fr-FR\" dir=\"ltr\" data-wpcf7-id=\"1329\">\n<div class=\"screen-reader-response\"><p role=\"status\" aria-live=\"polite\" aria-atomic=\"true\"><\/p> <ul><\/ul><\/div>\n<form action=\"\/eco-web\/index.php?rest_route=%2Fwp%2Fv2%2Fpages%2F972#wpcf7-f1329-o1\" method=\"post\" class=\"wpcf7-form init\" aria-label=\"Formulaire de contact\" novalidate=\"novalidate\" data-status=\"init\">\n<div style=\"display: none;\">\n<input type=\"hidden\" name=\"_wpcf7\" value=\"1329\" \/>\n<input type=\"hidden\" name=\"_wpcf7_version\" value=\"6.0.3\" \/>\n<input type=\"hidden\" name=\"_wpcf7_locale\" value=\"fr_FR\" \/>\n<input type=\"hidden\" name=\"_wpcf7_unit_tag\" value=\"wpcf7-f1329-o1\" \/>\n<input type=\"hidden\" name=\"_wpcf7_container_post\" value=\"0\" \/>\n<input type=\"hidden\" name=\"_wpcf7_posted_data_hash\" value=\"\" \/>\n<\/div>\n<p>Votre nom (obligatoire)\n<\/p>\n<p><span class=\"wpcf7-form-control-wrap\" data-name=\"your-name\"><input size=\"40\" maxlength=\"400\" class=\"wpcf7-form-control wpcf7-text wpcf7-validates-as-required\" aria-required=\"true\" aria-invalid=\"false\" value=\"\" type=\"text\" name=\"your-name\" \/><\/span>\n<\/p>\n<p>Votre email (obligatoire)\n<\/p>\n<p><span class=\"wpcf7-form-control-wrap\" data-name=\"your-email\"><input size=\"40\" maxlength=\"400\" class=\"wpcf7-form-control wpcf7-email wpcf7-validates-as-required wpcf7-text wpcf7-validates-as-email\" aria-required=\"true\" aria-invalid=\"false\" value=\"\" type=\"email\" name=\"your-email\" \/><\/span>\n<\/p>\n<p>Sujet\n<\/p>\n<p><span class=\"wpcf7-form-control-wrap\" data-name=\"your-subject\"><input size=\"40\" maxlength=\"400\" class=\"wpcf7-form-control wpcf7-text\" aria-invalid=\"false\" value=\"\" type=\"text\" name=\"your-subject\" \/><\/span>\n<\/p>\n<p>Votre message\n<\/p>\n<p><span class=\"wpcf7-form-control-wrap\" data-name=\"your-message\"><textarea cols=\"40\" rows=\"10\" maxlength=\"2000\" class=\"wpcf7-form-control wpcf7-textarea\" aria-invalid=\"false\" name=\"your-message\"><\/textarea><\/span>\n<\/p>\n<p><input class=\"wpcf7-form-control wpcf7-submit has-spinner\" type=\"submit\" value=\"Envoyer\" \/>\n<\/p><p style=\"display: none !important;\" class=\"akismet-fields-container\" data-prefix=\"_wpcf7_ak_\"><label>&#916;<textarea name=\"_wpcf7_ak_hp_textarea\" cols=\"45\" rows=\"8\" maxlength=\"100\"><\/textarea><\/label><input type=\"hidden\" id=\"ak_js_1\" name=\"_wpcf7_ak_js\" value=\"104\"\/><script>document.getElementById( \"ak_js_1\" ).setAttribute( \"value\", ( new Date() ).getTime() );<\/script><\/p><div class=\"wpcf7-response-output\" aria-hidden=\"true\"><\/div>\n<\/form>\n<\/div>\n\t\t\t\t<\/div><div class='clear'><\/div>\n","protected":false},"excerpt":{"rendered":"<p>L&rsquo;ATELIER Eleven Core est une jeune soci\u00e9t\u00e9 cr\u00e9\u00e9e en 2012 qui concr\u00e9tise la volont\u00e9 de r\u00e9unir passions et comp\u00e9tences partageant une vision commune. Forte d&rsquo;un pass\u00e9 professionnel de plus de 9 ans m\u00ealant Paysage, Urbanisme et communication visuelle, Eleven Core a pour ambition de d\u00e9velopper sa vision du Paysage et de l&rsquo;Urbanisme, \u00e0 travers la [&hellip;]<\/p>\n","protected":false},"author":1,"featured_media":0,"parent":0,"menu_order":0,"comment_status":"open","ping_status":"open","template":"page-contact.php","meta":{"_et_pb_use_builder":"","_et_pb_old_content":"","_et_gb_content_width":"","footnotes":""},"class_list":["post-972","page","type-page","status-publish","hentry"],"_links":{"self":[{"href":"https:\/\/eleven-core.com\/eco-web\/index.php?rest_route=\/wp\/v2\/pages\/972","targetHints":{"allow":["GET"]}}],"collection":[{"href":"https:\/\/eleven-core.com\/eco-web\/index.php?rest_route=\/wp\/v2\/pages"}],"about":[{"href":"https:\/\/eleven-core.com\/eco-web\/index.php?rest_route=\/wp\/v2\/types\/page"}],"author":[{"embeddable":true,"href":"https:\/\/eleven-core.com\/eco-web\/index.php?rest_route=\/wp\/v2\/users\/1"}],"replies":[{"embeddable":true,"href":"https:\/\/eleven-core.com\/eco-web\/index.php?rest_route=%2Fwp%2Fv2%2Fcomments&post=972"}],"version-history":[{"count":15,"href":"https:\/\/eleven-core.com\/eco-web\/index.php?rest_route=\/wp\/v2\/pages\/972\/revisions"}],"predecessor-version":[{"id":1331,"href":"https:\/\/eleven-core.com\/eco-web\/index.php?rest_route=\/wp\/v2\/pages\/972\/revisions\/1331"}],"wp:attachment":[{"href":"https:\/\/eleven-core.com\/eco-web\/index.php?rest_route=%2Fwp%2Fv2%2Fmedia&parent=972"}],"curies":[{"name":"wp","href":"https:\/\/api.w.org\/{rel}","templated":true}]}}